{"id":281,"date":"2019-11-24T22:50:50","date_gmt":"2019-11-24T21:50:50","guid":{"rendered":"http:\/\/test52.hacker-darts.de\/?page_id=281"},"modified":"2020-01-27T23:54:08","modified_gmt":"2020-01-27T22:54:08","slug":"gebrauchtes","status":"publish","type":"page","link":"https:\/\/www.hacker-darts.de\/?page_id=281","title":{"rendered":"Gebrauchtes"},"content":{"rendered":"\n<p><strong>Hier findet ihr Gebrauchtes (daher ohne Gew\u00e4hrleistung) , das gespielt oder f\u00fcr Test-Zwecke verwendet wurde zu besonders guten Konditionen:<\/strong> <\/p>\n\n\n\n<p>Single Pak. F\u00fcr 1-2 Set Darts und etwas Zubeh\u00f6r f\u00fcr 5,00 \u20ac:<\/p>\n\n\n\n<figure class=\"wp-block-image size-large is-resized\"><img loading=\"lazy\" decoding=\"async\" src=\"http:\/\/test52.hacker-darts.de\/wp-content\/uploads\/2019\/11\/20191119_204749-768x1024.jpg\" alt=\"\" class=\"wp-image-284\" width=\"413\" height=\"550\" srcset=\"https:\/\/www.hacker-darts.de\/wp-content\/uploads\/2019\/11\/20191119_204749-768x1024.jpg 768w, https:\/\/www.hacker-darts.de\/wp-content\/uploads\/2019\/11\/20191119_204749-225x300.jpg 225w, https:\/\/www.hacker-darts.de\/wp-content\/uploads\/2019\/11\/20191119_204749-1152x1536.jpg 1152w, https:\/\/www.hacker-darts.de\/wp-content\/uploads\/2019\/11\/20191119_204749-1536x2048.jpg 1536w, https:\/\/www.hacker-darts.de\/wp-content\/uploads\/2019\/11\/20191119_204749-scaled.jpg 1920w\" sizes=\"auto, (max-width: 413px) 100vw, 413px\" \/><figcaption>&#8222;Single Pak&#8220;<\/figcaption><\/figure>\n\n\n\n<p><\/p>\n","protected":false},"excerpt":{"rendered":"<p>Hier findet ihr Gebrauchtes (daher ohne Gew\u00e4hrleistung) , das gespielt oder f\u00fcr Test-Zwecke verwendet wurde zu besonders guten Konditionen: Single Pak. F\u00fcr 1-2 Set Darts und etwas Zubeh\u00f6r f\u00fcr 5,00 \u20ac:<\/p>\n","protected":false},"author":1,"featured_media":0,"parent":0,"menu_order":3,"comment_status":"closed","ping_status":"closed","template":"","meta":{"footnotes":""},"class_list":["post-281","page","type-page","status-publish","hentry"],"_links":{"self":[{"href":"https:\/\/www.hacker-darts.de\/index.php?rest_route=\/wp\/v2\/pages\/281","targetHints":{"allow":["GET"]}}],"collection":[{"href":"https:\/\/www.hacker-darts.de\/index.php?rest_route=\/wp\/v2\/pages"}],"about":[{"href":"https:\/\/www.hacker-darts.de\/index.php?rest_route=\/wp\/v2\/types\/page"}],"author":[{"embeddable":true,"href":"https:\/\/www.hacker-darts.de\/index.php?rest_route=\/wp\/v2\/users\/1"}],"replies":[{"embeddable":true,"href":"https:\/\/www.hacker-darts.de\/index.php?rest_route=%2Fwp%2Fv2%2Fcomments&post=281"}],"version-history":[{"count":5,"href":"https:\/\/www.hacker-darts.de\/index.php?rest_route=\/wp\/v2\/pages\/281\/revisions"}],"predecessor-version":[{"id":336,"href":"https:\/\/www.hacker-darts.de\/index.php?rest_route=\/wp\/v2\/pages\/281\/revisions\/336"}],"wp:attachment":[{"href":"https:\/\/www.hacker-darts.de\/index.php?rest_route=%2Fwp%2Fv2%2Fmedia&parent=281"}],"curies":[{"name":"wp","href":"https:\/\/api.w.org\/{rel}","templated":true}]}}